{"id":55,"date":"2024-09-06T09:23:27","date_gmt":"2024-09-06T09:23:27","guid":{"rendered":"https:\/\/www.pelit.cz\/?page_id=55"},"modified":"2024-10-12T19:28:00","modified_gmt":"2024-10-12T19:28:00","slug":"sprava-serveru","status":"publish","type":"page","link":"http:\/\/www.pelit.cz\/?page_id=55","title":{"rendered":"Spr\u00e1va server\u016f"},"content":{"rendered":"\n<p>Na\u0161e slu\u017eba spr\u00e1vy server\u016f poskytuje komplexn\u00ed \u0159e\u0161en\u00ed pro udr\u017een\u00ed va\u0161ich server\u016f v optim\u00e1ln\u00edm stavu, zaji\u0161\u0165uj\u00edc\u00ed jejich spolehliv\u00fd a bezpe\u010dn\u00fd provoz. Nab\u00edz\u00edme profesion\u00e1ln\u00ed spr\u00e1vu server\u016f v\u010detn\u011b jejich instalace, konfigurace, monitorov\u00e1n\u00ed a \u00fadr\u017eby, abyste se mohli soust\u0159edit na sv\u00e9 podnik\u00e1n\u00ed bez starost\u00ed o technick\u00e9 detaily.<\/p>\n\n\n\n<p>Na\u0161i specialist\u00e9 se postaraj\u00ed o pravidelnou aktualizaci opera\u010dn\u00edch syst\u00e9m\u016f a aplikac\u00ed, zabezpe\u010den\u00ed server\u016f proti kybernetick\u00fdm hrozb\u00e1m a optimalizaci v\u00fdkonu. Zaji\u0161\u0165ujeme tak\u00e9 z\u00e1lohov\u00e1n\u00ed a obnovu dat, aby va\u0161e d\u016fle\u017eit\u00e1 data byla v\u017edy chr\u00e1n\u011bn\u00e1 a snadno dostupn\u00e1 v p\u0159\u00edpad\u011b pot\u0159eby.<\/p>\n\n\n\n<p>V r\u00e1mci na\u0161ich slu\u017eeb nab\u00edz\u00edme 24\/7 dohled nad va\u0161imi servery, co\u017e zahrnuje proaktivn\u00ed monitorov\u00e1n\u00ed, detekci probl\u00e9m\u016f a jejich rychl\u00e9 \u0159e\u0161en\u00ed. D\u00edky na\u0161\u00ed odborn\u00e9 p\u00e9\u010di m\u00e1te jistotu, \u017ee va\u0161e servery funguj\u00ed bez p\u0159eru\u0161en\u00ed, spl\u0148uj\u00ed ve\u0161ker\u00e9 standardy a jsou p\u0159ipraven\u00e9 na jak\u00e9koli v\u00fdzvy, kter\u00e9 mohou nastat.<\/p>\n\n\n\n<div class=\"wp-block-group\"><div class=\"wp-block-group__inner-container is-layout-constrained wp-block-group-is-layout-constrained\">\n<div style=\"height:100px\" aria-hidden=\"true\" class=\"wp-block-spacer\"><\/div>\n\n\n\n<div id=\"wp-block-themeisle-blocks-button-group-6cc2103e\" class=\"wp-block-themeisle-blocks-button-group wp-block-buttons align-center-desktop\">\n<div id=\"wp-block-themeisle-blocks-button-0e43b3f7\" class=\"wp-block-themeisle-blocks-button wp-block-button\"><a href=\"https:\/\/www.pelit.cz\/?page_id=53\" target=\"_self\" rel=\"noopener noreferrer\" class=\"wp-block-button__link\"><span>&lt;- Spr\u00e1va s\u00edt\u011b<\/span><\/a><\/div>\n\n\n\n<div id=\"wp-block-themeisle-blocks-button-b13274a0\" class=\"wp-block-themeisle-blocks-button wp-block-button\"><a href=\"https:\/\/www.pelit.cz\/?page_id=57\" target=\"_self\" rel=\"noopener noreferrer\" class=\"wp-block-button__link\"><span>Spr\u00e1va periferi\u00ed -><\/span><\/a><\/div>\n<\/div>\n\n\n\n<div style=\"height:100px\" aria-hidden=\"true\" class=\"wp-block-spacer\"><\/div>\n<\/div><\/div>\n","protected":false},"excerpt":{"rendered":"<p>Na\u0161e slu\u017eba spr\u00e1vy server\u016f poskytuje komplexn\u00ed \u0159e\u0161en\u00ed pro udr\u017een\u00ed va\u0161ich server\u016f v optim\u00e1ln\u00edm stavu, zaji\u0161\u0165uj\u00edc\u00ed jejich spolehliv\u00fd a bezpe\u010dn\u00fd provoz. Nab\u00edz\u00edme profesion\u00e1ln\u00ed spr\u00e1vu server\u016f v\u010detn\u011b jejich instalace, konfigurace, monitorov\u00e1n\u00ed a \u00fadr\u017eby, abyste se mohli soust\u0159edit na sv\u00e9 podnik\u00e1n\u00ed bez starost\u00ed o technick\u00e9 detaily. Na\u0161i specialist\u00e9 se postaraj\u00ed o pravidelnou aktualizaci [&hellip;]<\/p>\n","protected":false},"author":1,"featured_media":195,"parent":0,"menu_order":0,"comment_status":"closed","ping_status":"closed","template":"","meta":{"_themeisle_gutenberg_block_has_review":false,"footnotes":""},"class_list":["post-55","page","type-page","status-publish","has-post-thumbnail","hentry"],"_links":{"self":[{"href":"http:\/\/www.pelit.cz\/index.php?rest_route=\/wp\/v2\/pages\/55","targetHints":{"allow":["GET"]}}],"collection":[{"href":"http:\/\/www.pelit.cz\/index.php?rest_route=\/wp\/v2\/pages"}],"about":[{"href":"http:\/\/www.pelit.cz\/index.php?rest_route=\/wp\/v2\/types\/page"}],"author":[{"embeddable":true,"href":"http:\/\/www.pelit.cz\/index.php?rest_route=\/wp\/v2\/users\/1"}],"replies":[{"embeddable":true,"href":"http:\/\/www.pelit.cz\/index.php?rest_route=%2Fwp%2Fv2%2Fcomments&post=55"}],"version-history":[{"count":4,"href":"http:\/\/www.pelit.cz\/index.php?rest_route=\/wp\/v2\/pages\/55\/revisions"}],"predecessor-version":[{"id":260,"href":"http:\/\/www.pelit.cz\/index.php?rest_route=\/wp\/v2\/pages\/55\/revisions\/260"}],"wp:featuredmedia":[{"embeddable":true,"href":"http:\/\/www.pelit.cz\/index.php?rest_route=\/wp\/v2\/media\/195"}],"wp:attachment":[{"href":"http:\/\/www.pelit.cz\/index.php?rest_route=%2Fwp%2Fv2%2Fmedia&parent=55"}],"curies":[{"name":"wp","href":"https:\/\/api.w.org\/{rel}","templated":true}]}}