{"id":59,"date":"2024-09-06T09:24:11","date_gmt":"2024-09-06T09:24:11","guid":{"rendered":"https:\/\/www.pelit.cz\/?page_id=59"},"modified":"2024-10-12T19:34:28","modified_gmt":"2024-10-12T19:34:28","slug":"uzivatelska-podpora","status":"publish","type":"page","link":"http:\/\/www.pelit.cz\/?page_id=59","title":{"rendered":"U\u017eivatelsk\u00e1 podpora"},"content":{"rendered":"\n<p>Na\u0161e u\u017eivatelsk\u00e1 podpora je tu pro v\u00e1s, abychom zajistili hladk\u00fd chod va\u0161ich IT syst\u00e9m\u016f a minimalizovali jak\u00e9koli technick\u00e9 probl\u00e9my. Nab\u00edz\u00edme komplexn\u00ed slu\u017eby, kter\u00e9 zahrnuj\u00ed \u0159e\u0161en\u00ed technick\u00fdch probl\u00e9m\u016f, asistenci p\u0159i pou\u017e\u00edv\u00e1n\u00ed softwaru a hardwaru, a pomoc p\u0159i konfiguraci a optimalizaci va\u0161ich za\u0159\u00edzen\u00ed.<\/p>\n\n\n\n<p>Na\u0161i zku\u0161en\u00ed technici poskytuj\u00ed rychlou a efektivn\u00ed pomoc prost\u0159ednictv\u00edm telefonu nebo e-mailem. A\u0165 u\u017e \u010del\u00edte probl\u00e9m\u016fm s aplikacemi, opera\u010dn\u00edmi syst\u00e9my, s\u00ed\u0165ov\u00fdmi p\u0159ipojen\u00edmi nebo jin\u00fdmi technologick\u00fdmi v\u00fdzvami, jsme tu, abychom v\u00e1m pomohli.<\/p>\n\n\n\n<p>Zam\u011b\u0159ujeme se na individu\u00e1ln\u00ed p\u0159\u00edstup a p\u0159izp\u016fsobujeme na\u0161e slu\u017eby va\u0161im specifick\u00fdm pot\u0159eb\u00e1m. Na\u0161e podpora je dostupn\u00e1 v r\u00e1mci standardn\u00edch i roz\u0161\u00ed\u0159en\u00fdch servisn\u00edch hodin, tak\u017ee m\u016f\u017eete m\u00edt jistotu, \u017ee pomoc je v\u017edy na dosah. S na\u0161\u00ed podporou z\u00edsk\u00e1te nejen rychl\u00e1 \u0159e\u0161en\u00ed, ale i dlouhodobou p\u00e9\u010di o va\u0161e IT prost\u0159ed\u00ed.<\/p>\n\n\n\n<div class=\"wp-block-group\"><div class=\"wp-block-group__inner-container is-layout-constrained wp-block-group-is-layout-constrained\">\n<div style=\"height:100px\" aria-hidden=\"true\" class=\"wp-block-spacer\"><\/div>\n\n\n\n<div id=\"wp-block-themeisle-blocks-button-group-6cc2103e\" class=\"wp-block-themeisle-blocks-button-group wp-block-buttons align-center-desktop\">\n<div id=\"wp-block-themeisle-blocks-button-0e43b3f7\" class=\"wp-block-themeisle-blocks-button wp-block-button\"><a href=\"https:\/\/www.pelit.cz\/?page_id=38\" target=\"_self\" rel=\"noopener noreferrer\" class=\"wp-block-button__link\"><span>&lt;- Bezpe\u010dnost IT<\/span><\/a><\/div>\n\n\n\n<div id=\"wp-block-themeisle-blocks-button-b13274a0\" class=\"wp-block-themeisle-blocks-button wp-block-button\"><a href=\"https:\/\/www.pelit.cz\/?page_id=16\" target=\"_self\" rel=\"noopener noreferrer\" class=\"wp-block-button__link\"><span>Ostatn\u00ed slu\u017eby -><\/span><\/a><\/div>\n<\/div>\n\n\n\n<div style=\"height:100px\" aria-hidden=\"true\" class=\"wp-block-spacer\"><\/div>\n<\/div><\/div>\n","protected":false},"excerpt":{"rendered":"<p>Na\u0161e u\u017eivatelsk\u00e1 podpora je tu pro v\u00e1s, abychom zajistili hladk\u00fd chod va\u0161ich IT syst\u00e9m\u016f a minimalizovali jak\u00e9koli technick\u00e9 probl\u00e9my. Nab\u00edz\u00edme komplexn\u00ed slu\u017eby, kter\u00e9 zahrnuj\u00ed \u0159e\u0161en\u00ed technick\u00fdch probl\u00e9m\u016f, asistenci p\u0159i pou\u017e\u00edv\u00e1n\u00ed softwaru a hardwaru, a pomoc p\u0159i konfiguraci a optimalizaci va\u0161ich za\u0159\u00edzen\u00ed. Na\u0161i zku\u0161en\u00ed technici poskytuj\u00ed rychlou a efektivn\u00ed pomoc prost\u0159ednictv\u00edm [&hellip;]<\/p>\n","protected":false},"author":1,"featured_media":209,"parent":0,"menu_order":0,"comment_status":"closed","ping_status":"closed","template":"","meta":{"_themeisle_gutenberg_block_has_review":false,"footnotes":""},"class_list":["post-59","page","type-page","status-publish","has-post-thumbnail","hentry"],"_links":{"self":[{"href":"http:\/\/www.pelit.cz\/index.php?rest_route=\/wp\/v2\/pages\/59","targetHints":{"allow":["GET"]}}],"collection":[{"href":"http:\/\/www.pelit.cz\/index.php?rest_route=\/wp\/v2\/pages"}],"about":[{"href":"http:\/\/www.pelit.cz\/index.php?rest_route=\/wp\/v2\/types\/page"}],"author":[{"embeddable":true,"href":"http:\/\/www.pelit.cz\/index.php?rest_route=\/wp\/v2\/users\/1"}],"replies":[{"embeddable":true,"href":"http:\/\/www.pelit.cz\/index.php?rest_route=%2Fwp%2Fv2%2Fcomments&post=59"}],"version-history":[{"count":4,"href":"http:\/\/www.pelit.cz\/index.php?rest_route=\/wp\/v2\/pages\/59\/revisions"}],"predecessor-version":[{"id":269,"href":"http:\/\/www.pelit.cz\/index.php?rest_route=\/wp\/v2\/pages\/59\/revisions\/269"}],"wp:featuredmedia":[{"embeddable":true,"href":"http:\/\/www.pelit.cz\/index.php?rest_route=\/wp\/v2\/media\/209"}],"wp:attachment":[{"href":"http:\/\/www.pelit.cz\/index.php?rest_route=%2Fwp%2Fv2%2Fmedia&parent=59"}],"curies":[{"name":"wp","href":"https:\/\/api.w.org\/{rel}","templated":true}]}}