{"id":14,"date":"2024-09-05T10:24:26","date_gmt":"2024-09-05T10:24:26","guid":{"rendered":"https:\/\/www.pelit.cz\/?page_id=14"},"modified":"2024-10-12T19:05:33","modified_gmt":"2024-10-12T19:05:33","slug":"sprava-it","status":"publish","type":"page","link":"https:\/\/www.pelit.cz\/?page_id=14","title":{"rendered":"Spr\u00e1va IT"},"content":{"rendered":"\n<div class=\"wp-block-group alignwide\"><div class=\"wp-block-group__inner-container is-layout-constrained wp-block-group-is-layout-constrained\">\n<p class=\"has-text-align-center\">Na\u0161e spole\u010dnost nab\u00edz\u00ed rozs\u00e1hl\u00e9 portf\u00f3lio slu\u017eeb pro firmy i jednotlivce. <br>P\u0159edev\u0161\u00edm se zam\u011b\u0159ujeme na komplexn\u00ed n\u00e1vrh a n\u00e1slednou spr\u00e1vu IT \u0159e\u0161en\u00ed a slu\u017eby s t\u00edm spojen\u00e9.<\/p>\n\n\n\n<p class=\"has-text-align-center\">St\u00e1le se sna\u017e\u00edme na\u0161e slu\u017eby vylep\u0161ovat a roz\u0161i\u0159ovat tak, aby co nejv\u00edce vyhovovali na\u0161im z\u00e1kazn\u00edk\u016fm.<\/p>\n<\/div><\/div>\n\n\n\n<div id=\"wp-block-themeisle-blocks-advanced-columns-784450ff\" class=\"wp-block-themeisle-blocks-advanced-columns alignfull has-1-columns has-desktop-equal-layout has-tablet-equal-layout has-mobile-collapsedRows-layout has-vertical-center ticss-c00aadba\"><div class=\"wp-block-themeisle-blocks-advanced-columns-overlay\"><\/div><div class=\"innerblocks-wrap\">\n<div id=\"wp-block-themeisle-blocks-advanced-column-d0fbfc0a\" class=\"wp-block-themeisle-blocks-advanced-column\">\n<div id=\"wp-block-themeisle-blocks-advanced-columns-f32a2609\" class=\"wp-block-themeisle-blocks-advanced-columns has-1-columns has-desktop-equal-layout has-tablet-equal-layout has-mobile-equal-layout has-vertical-center\"><div class=\"wp-block-themeisle-blocks-advanced-columns-overlay\"><\/div><div class=\"innerblocks-wrap\">\n<div id=\"wp-block-themeisle-blocks-advanced-column-486fda40\" class=\"wp-block-themeisle-blocks-advanced-column\">\n<div id=\"wp-block-themeisle-blocks-advanced-columns-8c9488f6\" class=\"wp-block-themeisle-blocks-advanced-columns has-3-columns has-desktop-equal-layout has-tablet-equal-layout has-mobile-collapsedRows-layout has-vertical-top\"><div class=\"wp-block-themeisle-blocks-advanced-columns-overlay\"><\/div><div class=\"innerblocks-wrap\">\n<div id=\"wp-block-themeisle-blocks-advanced-column-fc761fda\" class=\"wp-block-themeisle-blocks-advanced-column\">\n<div id=\"wp-block-themeisle-blocks-font-awesome-icons-1a81b13c\" class=\"wp-block-themeisle-blocks-font-awesome-icons\"><span class=\"wp-block-themeisle-blocks-font-awesome-icons-container\"><svg xmlns=\"http:\/\/www.w3.org\/2000\/svg\" viewBox=\"0 0 1800 1800\"><path d=\"M1635.687,1278.4c-47.769,0-88.294,31.611-101.762,75.016h-145.789v-349.629h73.367 c4.988,0.22,9.674,0.326,14.307,0.326c4.782,0,9.635-0.115,14.817-0.348c0.079-0.005,0.158-0.01,0.237-0.01 c173.133-7.938,308.756-150.018,308.756-323.454c0-134.669-81.956-253.44-205.979-301.697 c-14.456-100.161-63.179-192.209-138.563-260.994c-80.945-73.862-185.92-114.539-295.579-114.539 c-137.799,0-266.188,64.115-349.019,172.916c-45.162-22.9-95.19-34.891-146.321-34.891c-139.064,0-261.005,87.974-305.833,217.184 c-11.335-1.191-22.746-1.793-34.13-1.793C145.642,356.487,0.38,501.749,0.38,680.302c0,178.549,145.262,323.812,323.815,323.812 c5.393,0,10.958-0.146,16.592-0.436c0.875,0.074,1.758,0.109,2.65,0.109h72.515v349.629h-145.79 c-13.467-43.404-53.993-75.016-101.761-75.016c-58.735,0-106.521,47.787-106.521,106.521c0,58.735,47.786,106.521,106.521,106.521 c47.769,0,88.294-31.611,101.761-75.016h177.295c17.401,0,31.506-14.104,31.506-31.506v-381.135h194.534v586.93 c-43.404,13.463-75.016,53.988-75.016,101.762c0,58.735,47.787,106.521,106.521,106.521s106.521-47.786,106.521-106.521 c0-47.773-31.611-88.299-75.016-101.762v-586.93h331.067v586.93c-43.403,13.463-75.016,53.988-75.016,101.762 c0,58.735,47.787,106.521,106.521,106.521c58.735,0,106.522-47.786,106.522-106.521c0-47.773-31.612-88.299-75.016-101.762v-586.93 h194.534v381.135c0,17.401,14.104,31.506,31.506,31.506h177.295c13.468,43.404,53.993,75.016,101.762,75.016 c58.735,0,106.521-47.786,106.521-106.521C1742.208,1326.188,1694.422,1278.4,1635.687,1278.4z M168.401,1428.432 c-23.99,0-43.51-19.52-43.51-43.51s19.52-43.51,43.51-43.51c23.99,0,43.51,19.52,43.51,43.51S192.391,1428.432,168.401,1428.432z M705.004,1735.988c-23.99,0-43.51-19.52-43.51-43.51s19.52-43.51,43.51-43.51s43.51,19.52,43.51,43.51 S728.994,1735.988,705.004,1735.988z M1099.083,1735.988c-23.989,0-43.509-19.52-43.509-43.51s19.52-43.51,43.509-43.51 c23.99,0,43.51,19.52,43.51,43.51S1123.073,1735.988,1099.083,1735.988z M341.398,940.525c-5.886,0.382-11.674,0.575-17.204,0.575 c-143.807,0-260.803-116.996-260.803-260.799c0-143.807,116.996-260.803,260.803-260.803c16.909,0,33.875,1.644,50.428,4.883 c16.469,3.2,32.53-7.002,36.608-23.247c29.133-116.007,133.14-197.026,252.927-197.026c49.272,0,97.252,13.81,138.753,39.941 c14.479,9.116,33.615,5.006,43.062-9.279c69.877-105.629,187.079-168.687,313.525-168.687c194.314,0,355.039,145.629,373.86,338.749 c1.222,12.531,9.784,23.133,21.783,26.961c108.539,34.626,181.467,134.493,181.467,248.509c0,139.628-109.119,254.017-248.452,260.5 c-0.065,0-0.127,0.005-0.193,0.009c-8.602,0.387-15.744,0.387-24.311,0c-0.479-0.021-0.963-0.035-1.441-0.035H347.895 C345.763,940.468,343.587,940.385,341.398,940.525z M1635.687,1428.432c-23.99,0-43.51-19.52-43.51-43.51s19.52-43.51,43.51-43.51 s43.51,19.52,43.51,43.51S1659.677,1428.432,1635.687,1428.432z\"><\/path><\/svg><\/span><\/div>\n\n\n\n<h3 id=\"wp-block-themeisle-blocks-advanced-heading-e51c5540\" class=\"wp-block-themeisle-blocks-advanced-heading wp-block-themeisle-blocks-advanced-heading-e51c5540\">Spr\u00e1va s\u00edt\u011b<\/h3>\n\n\n\n<p class=\"has-text-align-center\">Nab\u00edz\u00edme kompletn\u00ed slu\u017eby spr\u00e1vy s\u00edt\u011b, v\u010detn\u011b n\u00e1vrhu, implementace a \u00fadr\u017eby va\u0161ich s\u00ed\u0165ov\u00fdch infrastruktur.<\/p>\n\n\n\n<div class=\"wp-block-buttons is-vertical is-content-justification-center is-layout-flex wp-container-core-buttons-is-layout-9f5e29b6 wp-block-buttons-is-layout-flex\">\n<div class=\"wp-block-button is-style-primary\"><a class=\"wp-block-button__link wp-element-button\" href=\"https:\/\/www.pelit.cz\/?page_id=53\">Zjistit v\u00edce<\/a><\/div>\n<\/div>\n<\/div>\n\n\n\n<div id=\"wp-block-themeisle-blocks-advanced-column-c364c655\" class=\"wp-block-themeisle-blocks-advanced-column ticss-ec09b220\">\n<div id=\"wp-block-themeisle-blocks-font-awesome-icons-83b6fc70\" class=\"wp-block-themeisle-blocks-font-awesome-icons\"><span class=\"wp-block-themeisle-blocks-font-awesome-icons-container\"><svg xmlns=\"http:\/\/www.w3.org\/2000\/svg\" viewBox=\"0 0 1800 1800\"><path d=\"M1713.195,662.483H86.805c-46.621,0-84.549,37.929-84.549,84.55v315.328 c0,46.615,37.928,84.54,84.549,84.54h1626.391c46.625,0,84.55-37.925,84.55-84.54V747.033 C1797.745,700.412,1759.82,662.483,1713.195,662.483z M1734.746,1062.361c0,11.882-9.668,21.541-21.551,21.541H86.805 c-11.883,0-21.55-9.659-21.55-21.541V747.033c0-11.883,9.667-21.55,21.55-21.55h1626.391c11.883,0,21.551,9.667,21.551,21.55 V1062.361z\"><\/path><path d=\"M262.693,851.239c-29.518,0-53.45,23.933-53.45,53.448c0,29.521,23.932,53.445,53.45,53.445 s53.45-23.924,53.45-53.445C316.144,875.172,292.211,851.239,262.693,851.239z\"><\/path><path d=\"M447.018,851.239c-29.522,0-53.455,23.933-53.455,53.448c0,29.521,23.932,53.445,53.455,53.445 c29.513,0,53.445-23.924,53.445-53.445C500.463,875.172,476.53,851.239,447.018,851.239z\"><\/path><path d=\"M631.339,851.239c-29.522,0-53.454,23.933-53.454,53.448c0,29.521,23.932,53.445,53.454,53.445 c29.513,0,53.445-23.924,53.445-53.445C684.784,875.172,660.852,851.239,631.339,851.239z\"><\/path><path d=\"M1567.738,873.181H927.254c-17.394,0-31.5,14.102-31.5,31.497c0,17.402,14.106,31.5,31.5,31.5h640.484 c17.394,0,31.5-14.098,31.5-31.5C1599.238,887.283,1585.132,873.181,1567.738,873.181z\"><\/path><path d=\"M1713.195,1315.578H86.805c-46.621,0-84.549,37.934-84.549,84.551v315.329 c0,46.616,37.928,84.54,84.549,84.54h1626.391c46.625,0,84.55-37.924,84.55-84.54v-315.329 C1797.745,1353.512,1759.82,1315.578,1713.195,1315.578z M1734.746,1715.458c0,11.882-9.668,21.542-21.551,21.542H86.805 c-11.883,0-21.55-9.66-21.55-21.542v-315.329c0-11.883,9.667-21.551,21.55-21.551h1626.391c11.883,0,21.551,9.668,21.551,21.551 V1715.458z\"><\/path><path d=\"M262.693,1504.339c-29.518,0-53.45,23.933-53.45,53.445c0,29.522,23.932,53.446,53.45,53.446 s53.45-23.924,53.45-53.446C316.144,1528.271,292.211,1504.339,262.693,1504.339z\"><\/path><path d=\"M447.018,1504.339c-29.522,0-53.455,23.933-53.455,53.445c0,29.522,23.932,53.446,53.455,53.446 c29.513,0,53.445-23.924,53.445-53.446C500.463,1528.271,476.53,1504.339,447.018,1504.339z\"><\/path><path d=\"M631.339,1504.339c-29.522,0-53.454,23.933-53.454,53.445c0,29.522,23.932,53.446,53.454,53.446 c29.513,0,53.445-23.924,53.445-53.446C684.784,1528.271,660.852,1504.339,631.339,1504.339z\"><\/path><path d=\"M1567.738,1526.275H927.254c-17.394,0-31.5,14.107-31.5,31.5c0,17.402,14.106,31.5,31.5,31.5h640.484 c17.394,0,31.5-14.098,31.5-31.5C1599.238,1540.383,1585.132,1526.275,1567.738,1526.275z\"><\/path><path d=\"M1713.195,0H86.805C40.184,0,2.255,37.929,2.255,84.55v315.329c0,46.617,37.928,84.541,84.549,84.541 h1626.391c46.625,0,84.55-37.924,84.55-84.541V84.55C1797.745,37.929,1759.82,0,1713.195,0z M1734.746,399.879 c0,11.878-9.668,21.542-21.551,21.542H86.805c-11.883,0-21.55-9.664-21.55-21.542V84.55c0-11.883,9.667-21.551,21.55-21.551 h1626.391c11.883,0,21.551,9.668,21.551,21.551V399.879z\"><\/path><circle cx=\"262.693\" cy=\"242.204\" r=\"53.448\"><\/circle><path d=\"M447.018,188.756c-29.522,0-53.455,23.932-53.455,53.45c0,29.518,23.932,53.446,53.455,53.446 c29.513,0,53.445-23.928,53.445-53.446C500.463,212.688,476.53,188.756,447.018,188.756z\"><\/path><path d=\"M631.339,188.756c-29.522,0-53.454,23.932-53.454,53.45c0,29.518,23.932,53.446,53.454,53.446 c29.513,0,53.445-23.928,53.445-53.446C684.784,212.688,660.852,188.756,631.339,188.756z\"><\/path><path d=\"M1567.738,210.697H927.254c-17.394,0-31.5,14.102-31.5,31.5s14.106,31.5,31.5,31.5h640.484c17.394,0,31.5-14.102,31.5-31.5S1585.132,210.697,1567.738,210.697z\"><\/path><\/svg><\/span><\/div>\n\n\n\n<h3 id=\"wp-block-themeisle-blocks-advanced-heading-57600495\" class=\"wp-block-themeisle-blocks-advanced-heading wp-block-themeisle-blocks-advanced-heading-57600495\">Spr\u00e1va server\u016f<\/h3>\n\n\n\n<p class=\"has-text-align-center\">Tato slu\u017eba poskytuje komplexn\u00ed \u0159e\u0161en\u00ed pro udr\u017een\u00ed va\u0161ich server\u016f v optim\u00e1ln\u00edm stavu, zaji\u0161\u0165uj\u00edc\u00ed jejich spolehliv\u00fd a bezpe\u010dn\u00fd provoz.<\/p>\n\n\n\n<div class=\"wp-block-buttons is-vertical is-content-justification-center is-layout-flex wp-container-core-buttons-is-layout-9f5e29b6 wp-block-buttons-is-layout-flex\">\n<div class=\"wp-block-button is-style-primary\"><a class=\"wp-block-button__link wp-element-button\" href=\"https:\/\/www.pelit.cz\/?page_id=14\">Zjistit v\u00edce<\/a><\/div>\n<\/div>\n<\/div>\n\n\n\n<div id=\"wp-block-themeisle-blocks-advanced-column-a8eaa619\" class=\"wp-block-themeisle-blocks-advanced-column\">\n<div id=\"wp-block-themeisle-blocks-font-awesome-icons-3910c029\" class=\"wp-block-themeisle-blocks-font-awesome-icons\"><span class=\"wp-block-themeisle-blocks-font-awesome-icons-container\"><svg xmlns=\"http:\/\/www.w3.org\/2000\/svg\" viewBox=\"0 0 1800 1800\"><path d=\"M1216.338,1202.973H583.656c-17.222,0-31.189,13.963-31.189,31.188s13.967,31.188,31.189,31.188h632.682 c17.229,0,31.188-13.963,31.188-31.188S1233.567,1202.973,1216.338,1202.973z\"><\/path><path d=\"M1216.338,1378.226H583.656c-17.222,0-31.189,13.962-31.189,31.188s13.967,31.188,31.189,31.188h632.682 c17.229,0,31.188-13.962,31.188-31.188S1233.567,1378.226,1216.338,1378.226z\"><\/path><path d=\"M1216.338,1553.479H583.656c-17.222,0-31.189,13.963-31.189,31.188c0,17.227,13.967,31.189,31.189,31.189 h632.682c17.229,0,31.188-13.963,31.188-31.189C1247.526,1567.441,1233.567,1553.479,1216.338,1553.479z\"><\/path><path d=\"M1776.765,382.264L1411.048,16.547c-5.848-5.848-13.784-9.133-22.051-9.133h-88.005H499.001H98.754 C52.076,7.414,14.1,45.39,14.1,92.068v1615.864c0,46.679,37.977,84.655,84.655,84.655h400.247h801.991h400.256 c46.678,0,84.654-37.977,84.654-84.655V404.319C1785.902,396.048,1782.613,388.116,1776.765,382.264z M1300.992,69.791 c12.287,0,22.277,9.994,22.277,22.277v408.423c0,12.283-9.99,22.277-22.277,22.277H499.001c-12.278,0-22.277-9.994-22.277-22.277 V92.068c0-12.283,9.999-22.277,22.277-22.277H1300.992z M499.001,1730.211c-12.278,0-22.277-9.995-22.277-22.278v-651.991 c0-12.283,9.999-22.277,22.277-22.277h801.991c12.287,0,22.277,9.994,22.277,22.277v651.991c0,12.283-9.99,22.278-22.277,22.278 H499.001z M1723.525,1707.933c0,12.283-9.999,22.278-22.277,22.278h-318.673c1.944-7.11,3.071-14.56,3.071-22.278v-651.991 c0-46.679-37.976-84.655-84.654-84.655H499.001c-46.678,0-84.654,37.977-84.654,84.655v651.991c0,7.719,1.131,15.168,3.076,22.278 H98.754c-12.288,0-22.278-9.995-22.278-22.278V92.068c0-12.283,9.99-22.277,22.278-22.277h318.668 c-1.945,7.109-3.076,14.559-3.076,22.277v408.423c0,46.678,37.977,84.654,84.654,84.654h801.991 c46.679,0,84.654-37.976,84.654-84.654V92.068c0-4.765-0.487-9.407-1.249-13.958l339.128,339.127V1707.933z\"><\/path><path d=\"M1006.746,458.164h209.592c17.229,0,31.188-13.963,31.188-31.188V164.096 c0-17.226-13.959-31.188-31.188-31.188h-209.592c-17.23,0-31.188,13.962-31.188,31.188v262.879 C975.558,444.201,989.516,458.164,1006.746,458.164z M1037.935,195.285h147.215v200.502h-147.215V195.285z\"><\/path><\/svg><\/span><\/div>\n\n\n\n<h3 id=\"wp-block-themeisle-blocks-advanced-heading-671cede4\" class=\"wp-block-themeisle-blocks-advanced-heading wp-block-themeisle-blocks-advanced-heading-671cede4\">Spr\u00e1va periferi\u00ed<\/h3>\n\n\n\n<p class=\"has-text-align-center\">Specializujeme se na komplexn\u00ed spr\u00e1vu koncov\u00fdch za\u0159\u00edzen\u00ed a periferi\u00ed, kter\u00e1 zahrnuje nejen jejich instalaci, konfiguraci a \u00fadr\u017ebu, ale i spr\u00e1vu a podporu.<\/p>\n\n\n\n<div class=\"wp-block-buttons is-vertical is-content-justification-center is-layout-flex wp-container-core-buttons-is-layout-9f5e29b6 wp-block-buttons-is-layout-flex\">\n<div class=\"wp-block-button is-style-primary\"><a class=\"wp-block-button__link wp-element-button\" href=\"https:\/\/www.pelit.cz\/?page_id=57\">Zjistit v\u00edce<\/a><\/div>\n<\/div>\n<\/div>\n<\/div><\/div>\n<\/div>\n<\/div><\/div>\n\n\n\n<div id=\"wp-block-themeisle-blocks-advanced-columns-8085ff1f\" class=\"wp-block-themeisle-blocks-advanced-columns has-2-columns has-desktop-equal-layout has-tablet-equal-layout has-mobile-collapsedRows-layout has-vertical-top\"><div class=\"wp-block-themeisle-blocks-advanced-columns-overlay\"><\/div><div class=\"innerblocks-wrap\">\n<div id=\"wp-block-themeisle-blocks-advanced-column-dfb15c39\" class=\"wp-block-themeisle-blocks-advanced-column\">\n<div id=\"wp-block-themeisle-blocks-font-awesome-icons-c5fd27f1\" class=\"wp-block-themeisle-blocks-font-awesome-icons\"><span class=\"wp-block-themeisle-blocks-font-awesome-icons-container\"><svg xmlns=\"http:\/\/www.w3.org\/2000\/svg\" viewBox=\"0 0 1800 1800\"><path d=\"M900,1793.016c-2.796,0-5.594-0.375-8.315-1.125c-7.969-2.199-197.36-55.807-388.728-226.607 c-112.377-100.305-201.914-220.375-266.128-356.88c-79.987-170.042-120.543-365.937-120.543-582.248 c0-9.624,4.431-18.711,12.016-24.637L880.752,13.613c11.308-8.837,27.187-8.837,38.496,0l752.451,587.905 c7.584,5.925,12.016,15.013,12.016,24.637c0,216.312-40.559,412.206-120.546,582.248 c-64.212,136.505-153.751,256.575-266.123,356.88c-191.37,170.801-380.764,224.408-388.732,226.607 C905.592,1792.641,902.796,1793.016,900,1793.016z M178.88,641.351c3.271,367.343,125.555,661.791,363.594,875.387 C701.154,1659.123,862.076,1716.81,900,1729.049c37.924-12.239,198.846-69.926,357.525-212.311 c238.039-213.597,360.325-508.044,363.592-875.387L900,77.925L178.88,641.351z\"><\/path><path d=\"M900,1593.533c-2.798,0-5.594-0.375-8.315-1.125c-6.189-1.71-153.319-43.35-301.636-175.734 c-87.095-77.732-156.485-170.791-206.251-276.582c-61.928-131.65-93.328-283.236-93.328-450.545 c0-9.624,4.432-18.711,12.017-24.637L880.752,213.1c11.308-8.834,27.187-8.839,38.496,0l578.266,451.81 c7.585,5.925,12.017,15.013,12.017,24.637c0,167.309-31.399,318.895-93.329,450.545 c-49.762,105.791-119.155,198.85-206.248,276.582c-148.316,132.385-295.446,174.024-301.64,175.734 C905.596,1593.158,902.798,1593.533,900,1593.533z M353.087,704.725c3.256,278.249,96.237,501.402,276.493,663.417 c118.248,106.279,238.227,150.755,270.42,161.38c32.193-10.625,152.172-55.101,270.42-161.38 c180.256-162.016,273.236-385.169,276.495-663.417L900,277.412L353.087,704.725z\"><\/path><\/svg><\/span><\/div>\n\n\n\n<h3 id=\"wp-block-themeisle-blocks-advanced-heading-3147d135\" class=\"wp-block-themeisle-blocks-advanced-heading wp-block-themeisle-blocks-advanced-heading-3147d135\">Bezpe\u010dnost IT<\/h3>\n\n\n\n<p class=\"has-text-align-center\">Sed ut perspiciatis unde omnis natus error sit voluptatem accusantium doloremque.<\/p>\n\n\n\n<div class=\"wp-block-buttons is-vertical is-content-justification-center is-layout-flex wp-container-core-buttons-is-layout-9f5e29b6 wp-block-buttons-is-layout-flex\">\n<div class=\"wp-block-button is-style-primary\"><a class=\"wp-block-button__link wp-element-button\" href=\"https:\/\/www.pelit.cz\/?page_id=38\">Zjistit v\u00edce<\/a><\/div>\n<\/div>\n<\/div>\n\n\n\n<div id=\"wp-block-themeisle-blocks-advanced-column-ec09b220\" class=\"wp-block-themeisle-blocks-advanced-column ticss-ec09b220\">\n<div id=\"wp-block-themeisle-blocks-font-awesome-icons-1225333d\" class=\"wp-block-themeisle-blocks-font-awesome-icons\"><span class=\"wp-block-themeisle-blocks-font-awesome-icons-container\"><svg xmlns=\"http:\/\/www.w3.org\/2000\/svg\" viewBox=\"0 0 1800 1800\"><path d=\"M899.996,13.388c-488.883,0-886.611,397.732-886.611,886.615c0,297.415,147.216,561.092,372.596,722.011 c14.883,10.622,30.131,20.758,45.673,30.469c101.1,63.151,215.747,106.507,338.525,124.601 c42.384,6.248,85.723,9.529,129.816,9.529c44.084,0,87.423-3.281,129.808-9.529c122.778-18.094,237.434-61.449,338.525-124.592 c15.542-9.711,30.799-19.855,45.682-30.478c225.389-160.919,372.604-424.596,372.604-722.011 C1786.615,411.12,1388.879,13.388,899.996,13.388z M899.996,1724.407c-163.127,0-315.337-47.626-443.461-129.704 c58.621-107.8,176.409-191.24,323.694-221.345v22.277l119.594,66.448l119.932-66.431v-22.295 c147.285,30.104,265.074,113.545,323.694,221.345C1215.324,1676.781,1063.118,1724.407,899.996,1724.407z M554.979,912.854 c-15.75-5.685-27.058-20.743-27.058-38.429c0-17.69,11.308-32.751,27.058-38.44v9.194V912.854z M1238.035,845.179v-8.769 c15.144,6.001,25.896,20.758,25.896,38.001c0,17.261-10.752,32.021-25.896,38.017V845.179z M1212.461,711.77 c-2.014,9.963-4.564,19.813-7.654,29.489c-61.936-32.053-146.322-67.303-235.16-79.466 c-155.131-21.218-168.833-29.74-183.829-73.174l-12.957-37.516l-29.723,26.291c-0.894,0.789-80.681,71.251-161.344,136.272 c-11.984-42.575-13.798-86.934-5.103-130.046c27.397-135.974,156.441-234.666,306.824-234.666c23.249,0,46.749,2.365,69.859,7.017 c85.297,17.195,159.218,63.936,208.153,131.617C1210.005,554.617,1228.081,634.235,1212.461,711.77z M608.063,845.179V817.6 v-56.933c55.635-44.597,111.831-92.696,143.719-120.336c30.452,47.001,85.592,56.964,210.67,74.073 c86.504,11.833,170.369,49.166,222.49,76.398V817.6v27.579v94.646c0,159.053-129.399,288.436-288.436,288.436 c-159.044,0-288.444-129.383-288.444-288.436V845.179z M833.33,1310.867V1275.4c20.489,3.853,41.586,5.962,63.177,5.962 c24.048,0,47.505-2.534,70.154-7.281v36.786v30.843v22.649l-66.796,36.995l-66.535-36.969v-22.676V1310.867z M1387.403,1564.451 c-68.34-121.537-201.975-214.22-367.649-245.175v-61.016c119.42-46.385,206.444-158.038,217.075-290.979 c45.291-6.708,80.194-45.742,80.194-92.871c0-43.972-30.399-80.88-71.265-91.081c8.175-19.678,14.536-40.158,18.745-61.06 c18.588-92.227-2.699-186.615-59.94-265.794c-56.781-78.533-142.27-132.711-240.705-152.558 c-26.547-5.354-53.57-8.062-80.343-8.062c-84.273,0-166.412,27.106-231.29,76.333c-66.301,50.303-111.619,121.676-127.595,200.942 c-13.13,65.121-6.196,132.494,20.021,194.854l5.997,14.245c-43.156,8.487-75.838,46.576-75.838,92.192 c0,47.533,35.52,86.844,81.383,93.041c10.909,135.439,101.083,248.828,224.035,293.486v58.325 c-165.679,30.955-299.3,123.638-367.641,245.175C208.383,1414.259,75.59,1172.364,75.59,900.003 c0-454.583,369.827-824.41,824.406-824.41s824.415,369.828,824.415,824.41C1724.41,1172.364,1591.608,1414.259,1387.403,1564.451z\"><\/path><\/svg><\/span><\/div>\n\n\n\n<h3 id=\"wp-block-themeisle-blocks-advanced-heading-869a9c1f\" class=\"wp-block-themeisle-blocks-advanced-heading wp-block-themeisle-blocks-advanced-heading-869a9c1f\">U\u017eivatelsk\u00e1 podpora 24\/7<\/h3>\n\n\n\n<p class=\"has-text-align-center\">Nab\u00edz\u00edme komplexn\u00ed slu\u017eby, kter\u00e9 zahrnuj\u00ed \u0159e\u0161en\u00ed technick\u00fdch probl\u00e9m\u016f, asistenci p\u0159i pou\u017e\u00edv\u00e1n\u00ed softwaru a hardwaru, a pomoc p\u0159i konfiguraci a optimalizaci va\u0161ich za\u0159\u00edzen\u00ed.<\/p>\n\n\n\n<div class=\"wp-block-buttons is-vertical is-content-justification-center is-layout-flex wp-container-core-buttons-is-layout-9f5e29b6 wp-block-buttons-is-layout-flex\">\n<div class=\"wp-block-button is-style-primary\"><a class=\"wp-block-button__link wp-element-button\" href=\"https:\/\/www.pelit.cz\/?page_id=59\">Zjistit v\u00edce<\/a><\/div>\n<\/div>\n<\/div>\n<\/div><\/div>\n<\/div>\n<\/div><\/div>\n\n\n\n<div style=\"height:140px\" aria-hidden=\"true\" class=\"wp-block-spacer\"><\/div>\n","protected":false},"excerpt":{"rendered":"<p>Na\u0161e spole\u010dnost nab\u00edz\u00ed rozs\u00e1hl\u00e9 portf\u00f3lio slu\u017eeb pro firmy i jednotlivce. P\u0159edev\u0161\u00edm se zam\u011b\u0159ujeme na komplexn\u00ed n\u00e1vrh a n\u00e1slednou spr\u00e1vu IT \u0159e\u0161en\u00ed a slu\u017eby s t\u00edm spojen\u00e9. St\u00e1le se sna\u017e\u00edme na\u0161e slu\u017eby vylep\u0161ovat a roz\u0161i\u0159ovat tak, aby co nejv\u00edce vyhovovali na\u0161im z\u00e1kazn\u00edk\u016fm.<\/p>\n","protected":false},"author":1,"featured_media":208,"parent":0,"menu_order":0,"comment_status":"closed","ping_status":"closed","template":"","meta":{"_themeisle_gutenberg_block_has_review":false,"footnotes":""},"class_list":["post-14","page","type-page","status-publish","has-post-thumbnail","hentry"],"_links":{"self":[{"href":"https:\/\/www.pelit.cz\/index.php?rest_route=\/wp\/v2\/pages\/14","targetHints":{"allow":["GET"]}}],"collection":[{"href":"https:\/\/www.pelit.cz\/index.php?rest_route=\/wp\/v2\/pages"}],"about":[{"href":"https:\/\/www.pelit.cz\/index.php?rest_route=\/wp\/v2\/types\/page"}],"author":[{"embeddable":true,"href":"https:\/\/www.pelit.cz\/index.php?rest_route=\/wp\/v2\/users\/1"}],"replies":[{"embeddable":true,"href":"https:\/\/www.pelit.cz\/index.php?rest_route=%2Fwp%2Fv2%2Fcomments&post=14"}],"version-history":[{"count":15,"href":"https:\/\/www.pelit.cz\/index.php?rest_route=\/wp\/v2\/pages\/14\/revisions"}],"predecessor-version":[{"id":246,"href":"https:\/\/www.pelit.cz\/index.php?rest_route=\/wp\/v2\/pages\/14\/revisions\/246"}],"wp:featuredmedia":[{"embeddable":true,"href":"https:\/\/www.pelit.cz\/index.php?rest_route=\/wp\/v2\/media\/208"}],"wp:attachment":[{"href":"https:\/\/www.pelit.cz\/index.php?rest_route=%2Fwp%2Fv2%2Fmedia&parent=14"}],"curies":[{"name":"wp","href":"https:\/\/api.w.org\/{rel}","templated":true}]}}