{"id":16,"date":"2024-09-05T10:24:55","date_gmt":"2024-09-05T10:24:55","guid":{"rendered":"https:\/\/www.pelit.cz\/?page_id=16"},"modified":"2024-10-12T19:46:35","modified_gmt":"2024-10-12T19:46:35","slug":"ostatni-sluzby","status":"publish","type":"page","link":"https:\/\/www.pelit.cz\/?page_id=16","title":{"rendered":"Ostatn\u00ed slu\u017eby"},"content":{"rendered":"\n<div class=\"wp-block-group alignwide\"><div class=\"wp-block-group__inner-container is-layout-constrained wp-block-group-is-layout-constrained\">\n<p class=\"has-text-align-center\">Lorem ipsum dolor sit amet, consectetur adipiscing elit. Maecenas sit amet rhoncus velit. Nulla facilisi. Curabitur nec elementum diam. Pellentesque varius orci in lorem lobortis, vitae pellentesque mi lacinia. Cras ullamcorper magna diam, semper facilisis dolor varius eu. Morbi porttitor elit sed efficitur hendrerit. Ut at vulputate diam. Nunc in turpis sem. Praesent porta est quis posuere congue. Vivamus volutpat nisi ante, non sodales purus fermentum a.<\/p>\n<\/div><\/div>\n\n\n\n<div id=\"wp-block-themeisle-blocks-advanced-columns-784450ff\" class=\"wp-block-themeisle-blocks-advanced-columns alignfull has-1-columns has-desktop-equal-layout has-tablet-equal-layout has-mobile-collapsedRows-layout has-vertical-center ticss-c00aadba\"><div class=\"wp-block-themeisle-blocks-advanced-columns-overlay\"><\/div><div class=\"innerblocks-wrap\">\n<div id=\"wp-block-themeisle-blocks-advanced-column-d0fbfc0a\" class=\"wp-block-themeisle-blocks-advanced-column\">\n<div id=\"wp-block-themeisle-blocks-advanced-columns-f32a2609\" class=\"wp-block-themeisle-blocks-advanced-columns has-1-columns has-desktop-equal-layout has-tablet-equal-layout has-mobile-equal-layout has-vertical-center\"><div class=\"wp-block-themeisle-blocks-advanced-columns-overlay\"><\/div><div class=\"innerblocks-wrap\">\n<div id=\"wp-block-themeisle-blocks-advanced-column-70bb2986\" class=\"wp-block-themeisle-blocks-advanced-column\">\n<div id=\"wp-block-themeisle-blocks-advanced-columns-d78cc981\" class=\"wp-block-themeisle-blocks-advanced-columns has-2-columns has-desktop-equal-layout has-tablet-equal-layout has-mobile-collapsedRows-layout has-vertical-top\"><div class=\"wp-block-themeisle-blocks-advanced-columns-overlay\"><\/div><div class=\"innerblocks-wrap\">\n<div id=\"wp-block-themeisle-blocks-advanced-column-1628822b\" class=\"wp-block-themeisle-blocks-advanced-column\">\n<div id=\"wp-block-themeisle-blocks-font-awesome-icons-24b13117\" class=\"wp-block-themeisle-blocks-font-awesome-icons\"><span class=\"wp-block-themeisle-blocks-font-awesome-icons-container\"><svg xmlns=\"http:\/\/www.w3.org\/2000\/svg\" viewBox=\"0 0 1800 1800\"><path d=\"M637.655,1373.291c-17.354,0-31.421-14.067-31.421-31.422V834.407c0-17.355,14.067-31.422,31.421-31.422 c17.355,0,31.422,14.067,31.422,31.422v507.462C669.077,1359.224,655.01,1373.291,637.655,1373.291z\"><\/path><path d=\"M633.451,1373.291c-8.041,0-16.081-3.069-22.218-9.2l-180.151-180.139 c-12.27-12.27-12.272-32.167,0-44.437c12.27-12.273,32.162-12.27,44.436-0.005l180.151,180.139 c12.27,12.27,12.272,32.167,0,44.437C649.535,1370.222,641.493,1373.291,633.451,1373.291z\"><\/path><path d=\"M641.859,1373.291c-8.042,0-16.083-3.069-22.218-9.205c-12.272-12.27-12.27-32.167,0-44.437 l180.151-180.139c12.274-12.265,32.171-12.265,44.436,0.005c12.272,12.27,12.27,32.167,0,44.437l-180.151,180.139 C657.942,1370.222,649.898,1373.291,641.859,1373.291z\"><\/path><path d=\"M1649.069,3.258H626.017c-43.336,0-78.584,35.445-78.584,79.022v180.463H150.931 c-43.34,0-78.597,35.454-78.597,79.026v1138.41v20.796v216.749c0,43.576,35.257,79.018,78.597,79.018h1023.053 c43.33,0,78.58-35.441,78.58-79.018v-51.06h396.518c43.332,0,78.584-35.446,78.584-79.022v-474.521V556.8V82.28 C1727.666,38.704,1692.404,3.258,1649.069,3.258z M1194.333,1717.725c0,11.463-9.123,20.786-20.349,20.786H150.931 c-11.226,0-20.371-9.323-20.371-20.786v-216.749v-20.796V341.77c0-11.458,9.145-20.795,20.371-20.795h396.502h58.231h358.975 v178.622c0,16.166,13.072,29.264,29.199,29.264h200.495v951.32v20.796v107.458v58.231V1717.725z M1023.049,470.322V357.77 l124.375,112.552H1023.049z M1669.436,1113.122v474.521c0,11.463-9.123,20.791-20.354,20.791h-396.518v-107.458v-20.796V501.2 v-3.011c-0.418-8.702-4.578-16.421-10.941-21.51l-47.29-42.784l-124.778-112.92l-56.146-50.796 c-5.023-4.542-11.335-7.041-17.814-7.435h-3.313H605.664V82.28c0-11.467,9.127-20.791,20.353-20.791h1023.052 c11.228,0,20.366,9.324,20.366,20.791V556.8V1113.122z\"><\/path><\/svg><\/span><\/div>\n\n\n\n<h3 id=\"wp-block-themeisle-blocks-advanced-heading-ae713694\" class=\"wp-block-themeisle-blocks-advanced-heading wp-block-themeisle-blocks-advanced-heading-ae713694\">Prodej HW a SW<\/h3>\n\n\n\n<p class=\"has-text-align-center\">Nab\u00edz\u00edme komplexn\u00ed prodej hardwaru a softwaru pro firmy i jednotlivce.<\/p>\n\n\n\n<div class=\"wp-block-buttons is-vertical is-content-justification-center is-layout-flex wp-container-core-buttons-is-layout-9f5e29b6 wp-block-buttons-is-layout-flex\">\n<div class=\"wp-block-button is-style-primary\"><a class=\"wp-block-button__link wp-element-button\" href=\"https:\/\/www.pelit.cz\/?page_id=44\">Zjistit v\u00edce<\/a><\/div>\n<\/div>\n<\/div>\n\n\n\n<div id=\"wp-block-themeisle-blocks-advanced-column-b42dda04\" class=\"wp-block-themeisle-blocks-advanced-column ticss-ec09b220\">\n<div id=\"wp-block-themeisle-blocks-font-awesome-icons-dc1c8a20\" class=\"wp-block-themeisle-blocks-font-awesome-icons\"><span class=\"wp-block-themeisle-blocks-font-awesome-icons-container\"><svg xmlns=\"http:\/\/www.w3.org\/2000\/svg\" viewBox=\"0 0 1800 1800\"><path d=\"M900.114,54.882c-329.509,0-597.583,268.077-597.583,597.59c0,219.592,118.159,418.518,309.714,523.794 v152.835h-0.127v122.121h-0.172v185.238h172.682c3.58,60.518,53.924,108.656,115.315,108.656 c61.39,0,111.736-48.139,115.31-108.656h172.571v-122.122h0.177v-185.237h-0.019v-152.835 c191.557-105.276,309.715-304.203,309.715-523.794C1497.697,322.959,1229.623,54.882,900.114,54.882z M675.235,1392.218h449.649 v59.005H675.235V1392.218z M899.943,1682.002c-29.441,0-48.627-22.507-51.876-45.541h103.788 C948.464,1662.119,926.504,1682.002,899.943,1682.002z M1124.708,1573.344H675.063v-59.005h449.645V1573.344z M1142.116,1129.132 l-17.25,8.778v189.457H931.559V861l187.201-187.21c12.323-12.323,12.323-32.302-0.005-44.63 c-12.318-12.318-32.302-12.323-44.629,0.004L900,803.299L725.875,629.165c-12.323-12.323-32.307-12.328-44.63-0.004 c-12.328,12.328-12.328,32.307-0.005,44.63L868.441,861v466.367H675.362V1137.91l-17.249-8.778 c-180.4-91.778-292.465-274.427-292.465-476.66c0-294.71,239.761-534.471,534.466-534.471 c294.706,0,534.466,239.761,534.466,534.471C1434.58,854.705,1322.516,1037.354,1142.116,1129.132z\"><\/path><path d=\"M1066.667,246.225c-17.43,0-31.558,14.128-31.558,31.559s14.128,31.558,31.558,31.558 c49.641,0,165.99,59.634,165.99,175.279c0,17.431,14.128,31.559,31.558,31.559c17.431,0,31.559-14.128,31.559-31.559 C1295.773,328.101,1146.624,246.225,1066.667,246.225z\"><\/path><path d=\"M209.331,712.881c0-17.43-14.128-31.558-31.558-31.558H34.686c-17.43,0-31.558,14.128-31.558,31.558 s14.128,31.558,31.558,31.558h143.087C195.203,744.439,209.331,730.312,209.331,712.881z\"><\/path><path d=\"M220.157,300.096c6.164,6.163,14.239,9.245,22.317,9.245c8.075,0,16.153-3.082,22.313-9.241 c12.328-12.328,12.328-32.307,0.004-44.629L163.623,154.297c-12.318-12.319-32.303-12.323-44.63-0.004 c-12.327,12.327-12.327,32.307-0.004,44.63L220.157,300.096z\"><\/path><path d=\"M220.17,1125.662l-101.178,101.174c-12.327,12.327-12.327,32.307-0.004,44.634 c6.164,6.164,14.238,9.246,22.317,9.246c8.074,0,16.153-3.082,22.312-9.246l101.179-101.173 c12.327-12.327,12.327-32.307,0.004-44.625C252.478,1113.344,232.493,1113.344,220.17,1125.662z\"><\/path><path d=\"M1765.314,681.323h-143.083c-17.43,0-31.559,14.128-31.559,31.558s14.129,31.558,31.559,31.558h143.083 c17.43,0,31.558-14.128,31.558-31.558S1782.744,681.323,1765.314,681.323z\"><\/path><path d=\"M1557.521,309.341c8.074,0,16.153-3.082,22.316-9.241l101.174-101.173 c12.322-12.327,12.322-32.307,0-44.634c-12.328-12.319-32.307-12.319-44.635,0l-101.173,101.173 c-12.323,12.328-12.323,32.307,0,44.634C1541.368,306.259,1549.447,309.341,1557.521,309.341z\"><\/path><path d=\"M1579.829,1125.662c-12.318-12.318-32.302-12.318-44.63,0.01c-12.323,12.318-12.323,32.298,0.005,44.625 l101.178,101.173c6.159,6.164,14.238,9.246,22.312,9.246c8.075,0,16.154-3.082,22.318-9.246 c12.322-12.327,12.322-32.307-0.005-44.634L1579.829,1125.662z\"><\/path><\/svg><\/span><\/div>\n\n\n\n<h3 id=\"wp-block-themeisle-blocks-advanced-heading-e6c9e13d\" class=\"wp-block-themeisle-blocks-advanced-heading wp-block-themeisle-blocks-advanced-heading-e6c9e13d\">Rozvoj a konzultace<\/h3>\n\n\n\n<p class=\"has-text-align-center\">Sed ut perspiciatis unde omnis natus error sit voluptatem accusantium doloremque.<\/p>\n\n\n\n<div class=\"wp-block-buttons is-vertical is-content-justification-center is-layout-flex wp-container-core-buttons-is-layout-9f5e29b6 wp-block-buttons-is-layout-flex\">\n<div class=\"wp-block-button is-style-primary\"><a class=\"wp-block-button__link wp-element-button\" href=\"https:\/\/www.pelit.cz\/?page_id=51\">Zjistit v\u00edce<\/a><\/div>\n<\/div>\n<\/div>\n<\/div><\/div>\n<\/div>\n<\/div><\/div>\n\n\n\n<div id=\"wp-block-themeisle-blocks-advanced-columns-8085ff1f\" class=\"wp-block-themeisle-blocks-advanced-columns has-2-columns has-desktop-equal-layout has-tablet-equal-layout has-mobile-collapsedRows-layout has-vertical-top\"><div class=\"wp-block-themeisle-blocks-advanced-columns-overlay\"><\/div><div class=\"innerblocks-wrap\">\n<div id=\"wp-block-themeisle-blocks-advanced-column-dfb15c39\" class=\"wp-block-themeisle-blocks-advanced-column\">\n<div id=\"wp-block-themeisle-blocks-font-awesome-icons-c5fd27f1\" class=\"wp-block-themeisle-blocks-font-awesome-icons\"><span class=\"wp-block-themeisle-blocks-font-awesome-icons-container\"><svg xmlns=\"http:\/\/www.w3.org\/2000\/svg\" viewBox=\"0 0 1800 1800\"><path d=\"M955.577,469.95c0.991-11.551-4.471-23.208-15.062-29.614c-5.422-3.281-11.499-4.721-17.316-4.527 c-11.915,0.347-22.164,7.318-27.2,17.36L616.275,915.595c-5.874,9.714-6.063,21.831-0.487,31.72s16.044,16.004,27.394,16.004 h172.294v399.955c0,14.18,9.498,26.612,23.186,30.342c2.742,0.746,5.519,1.105,8.261,1.105c10.941,0,21.356-5.729,27.104-15.504 l309.898-526.839c5.721-9.722,5.796-21.765,0.193-31.557c-5.598-9.792-16.018-15.833-27.297-15.833H955.577V469.95z M1101.838,867.882l-223.467,379.902V931.871c0-17.373-14.079-31.449-31.447-31.449H698.957l193.726-320.252v256.265 c0,17.369,14.079,31.447,31.448,31.447H1101.838z\"><\/path><path d=\"M1507.236,278.071h-346.672V33.419c0-17.369-14.078-31.447-31.447-31.447H670.883 c-17.369,0-31.447,14.079-31.447,31.447v244.652H292.764c-17.369,0-31.447,14.079-31.447,31.447v1457.061 c0,17.374,14.078,31.448,31.447,31.448h1214.473c17.369,0,31.447-14.074,31.447-31.448V309.519 C1538.684,292.15,1524.605,278.071,1507.236,278.071z M702.33,64.867h395.34v213.205H702.33V64.867z M1475.789,1735.132H324.211 v-182.095h1151.578V1735.132z M1475.789,1490.143H324.211V340.966h346.672h458.234h346.672V1490.143z\"><\/path><\/svg><\/span><\/div>\n\n\n\n<h3 id=\"wp-block-themeisle-blocks-advanced-heading-3147d135\" class=\"wp-block-themeisle-blocks-advanced-heading wp-block-themeisle-blocks-advanced-heading-3147d135\">Elektroinstalace<\/h3>\n\n\n\n<p class=\"has-text-align-center\">Nab\u00edz\u00edme kompletn\u00ed elektroinstalaci silnoproud\u00fdch i slaboproud\u00fdch rozvod\u016f, a to jak na z\u00e1klad\u011b Va\u0161eho projektu, tak projektu, kter\u00fd pro V\u00e1s p\u0159iprav\u00edme.<\/p>\n\n\n\n<div class=\"wp-block-buttons is-vertical is-content-justification-center is-layout-flex wp-container-core-buttons-is-layout-9f5e29b6 wp-block-buttons-is-layout-flex\">\n<div class=\"wp-block-button is-style-primary\"><a class=\"wp-block-button__link wp-element-button\" href=\"https:\/\/www.pelit.cz\/?page_id=40\">Zjistit v\u00edce<\/a><\/div>\n<\/div>\n<\/div>\n\n\n\n<div id=\"wp-block-themeisle-blocks-advanced-column-ec09b220\" class=\"wp-block-themeisle-blocks-advanced-column ticss-ec09b220\">\n<div id=\"wp-block-themeisle-blocks-font-awesome-icons-1225333d\" class=\"wp-block-themeisle-blocks-font-awesome-icons\"><span class=\"wp-block-themeisle-blocks-font-awesome-icons-container\"><svg xmlns=\"http:\/\/www.w3.org\/2000\/svg\" viewBox=\"0 0 1800 1800\"><path d=\"M1506.693,279.092h-150.36v-85.277c0-17.353-14.065-31.418-31.419-31.418h-227.317 C1078.205,70.574,996.5,2.304,900.003,2.304c-96.499,0-178.202,68.27-197.595,160.092H475.091 c-17.353,0-31.419,14.065-31.419,31.418v85.277H293.307c-17.353,0-31.419,14.066-31.419,31.419v1455.764 c0,17.353,14.066,31.419,31.419,31.419h1213.386c17.354,0,31.42-14.066,31.42-31.419V310.511 C1538.113,293.158,1524.047,279.092,1506.693,279.092z M506.511,225.234h223.28c16.617,0,30.354-12.935,31.362-29.517 c4.436-73.219,65.424-130.574,138.85-130.574c73.425,0,134.413,57.355,138.849,130.574c1.009,16.582,14.746,29.517,31.363,29.517 h223.28v53.858v62.838v74.81H506.511v-74.81v-62.838V225.234z M1475.274,1734.855H324.728V341.93h118.944v106.229 c0,17.354,14.066,31.419,31.419,31.419h849.823c17.354,0,31.419-14.066,31.419-31.419V341.93h118.941V1734.855z\"><\/path><path d=\"M663.633,684.019L534.366,813.291l-57.803-57.806c-12.272-12.265-32.164-12.265-44.437,0 c-12.269,12.272-12.269,32.164,0,44.437l80.021,80.022c6.136,6.132,14.176,9.201,22.219,9.201c8.043,0,16.083-3.069,22.219-9.201 l151.486-151.486c12.269-12.273,12.269-32.165,0-44.438C695.799,671.755,675.907,671.755,663.633,684.019z\"><\/path><path d=\"M824.996,750.563c-17.354,0-31.419,14.066-31.419,31.419c0,17.354,14.066,31.419,31.419,31.419h520.665 c17.354,0,31.419-14.066,31.419-31.419c0-17.353-14.065-31.419-31.419-31.419H824.996z\"><\/path><path d=\"M663.633,1039.925l-129.267,129.272l-57.803-57.807c-12.272-12.265-32.164-12.265-44.437,0 c-12.269,12.272-12.269,32.164,0,44.438l80.021,80.021c6.136,6.133,14.176,9.2,22.219,9.2c8.043,0,16.083-3.067,22.219-9.2 l151.486-151.486c12.269-12.272,12.269-32.163,0-44.438C695.799,1027.66,675.907,1027.66,663.633,1039.925z\"><\/path><path d=\"M1345.661,1106.467H824.996c-17.354,0-31.419,14.066-31.419,31.42s14.066,31.42,31.419,31.42h520.665 c17.354,0,31.419-14.066,31.419-31.42S1363.015,1106.467,1345.661,1106.467z\"><\/path><path d=\"M663.633,1395.83l-129.267,129.272l-57.803-57.808c-12.272-12.264-32.164-12.264-44.437,0 c-12.269,12.274-12.269,32.166,0,44.439l80.021,80.021c6.136,6.132,14.176,9.199,22.219,9.199c8.043,0,16.083-3.067,22.219-9.199 l151.486-151.486c12.269-12.274,12.269-32.166,0-44.438C695.799,1383.566,675.907,1383.566,663.633,1395.83z\"><\/path><path d=\"M1345.661,1462.373H824.996c-17.354,0-31.419,14.066-31.419,31.42s14.066,31.418,31.419,31.418h520.665 c17.354,0,31.419-14.064,31.419-31.418S1363.015,1462.373,1345.661,1462.373z\"><\/path><\/svg><\/span><\/div>\n\n\n\n<h3 id=\"wp-block-themeisle-blocks-advanced-heading-869a9c1f\" class=\"wp-block-themeisle-blocks-advanced-heading wp-block-themeisle-blocks-advanced-heading-869a9c1f\">Revize<\/h3>\n\n\n\n<p class=\"has-text-align-center\">Nab\u00edz\u00edme komplexn\u00ed revizn\u00ed slu\u017eby, v\u010detn\u011b reviz\u00ed elektro v s\u00edt\u00edch do 1000V, reviz\u00ed hromosvod\u016f, plynov\u00fdch za\u0159\u00edzen\u00ed a elektrospot\u0159ebi\u010d\u016f.<\/p>\n\n\n\n<div class=\"wp-block-buttons is-vertical is-content-justification-center is-layout-flex wp-container-core-buttons-is-layout-9f5e29b6 wp-block-buttons-is-layout-flex\">\n<div class=\"wp-block-button is-style-primary\"><a class=\"wp-block-button__link wp-element-button\" href=\"https:\/\/www.pelit.cz\/?page_id=46\">Zjistit v\u00edce<\/a><\/div>\n<\/div>\n<\/div>\n<\/div><\/div>\n<\/div>\n<\/div><\/div>\n\n\n\n<div style=\"height:100px\" aria-hidden=\"true\" class=\"wp-block-spacer\"><\/div>\n","protected":false},"excerpt":{"rendered":"<p>Lorem ipsum dolor sit amet, consectetur adipiscing elit. Maecenas sit amet rhoncus velit. Nulla facilisi. Curabitur nec elementum diam. Pellentesque varius orci in lorem lobortis, vitae pellentesque mi lacinia. Cras ullamcorper magna diam, semper facilisis dolor varius eu. Morbi porttitor elit sed efficitur hendrerit. Ut at vulputate diam. Nunc in [&hellip;]<\/p>\n","protected":false},"author":1,"featured_media":204,"parent":0,"menu_order":0,"comment_status":"closed","ping_status":"closed","template":"","meta":{"_themeisle_gutenberg_block_has_review":false,"footnotes":""},"class_list":["post-16","page","type-page","status-publish","has-post-thumbnail","hentry"],"_links":{"self":[{"href":"https:\/\/www.pelit.cz\/index.php?rest_route=\/wp\/v2\/pages\/16","targetHints":{"allow":["GET"]}}],"collection":[{"href":"https:\/\/www.pelit.cz\/index.php?rest_route=\/wp\/v2\/pages"}],"about":[{"href":"https:\/\/www.pelit.cz\/index.php?rest_route=\/wp\/v2\/types\/page"}],"author":[{"embeddable":true,"href":"https:\/\/www.pelit.cz\/index.php?rest_route=\/wp\/v2\/users\/1"}],"replies":[{"embeddable":true,"href":"https:\/\/www.pelit.cz\/index.php?rest_route=%2Fwp%2Fv2%2Fcomments&post=16"}],"version-history":[{"count":7,"href":"https:\/\/www.pelit.cz\/index.php?rest_route=\/wp\/v2\/pages\/16\/revisions"}],"predecessor-version":[{"id":282,"href":"https:\/\/www.pelit.cz\/index.php?rest_route=\/wp\/v2\/pages\/16\/revisions\/282"}],"wp:featuredmedia":[{"embeddable":true,"href":"https:\/\/www.pelit.cz\/index.php?rest_route=\/wp\/v2\/media\/204"}],"wp:attachment":[{"href":"https:\/\/www.pelit.cz\/index.php?rest_route=%2Fwp%2Fv2%2Fmedia&parent=16"}],"curies":[{"name":"wp","href":"https:\/\/api.w.org\/{rel}","templated":true}]}}