{"id":46,"date":"2024-09-06T09:18:41","date_gmt":"2024-09-06T09:18:41","guid":{"rendered":"https:\/\/www.pelit.cz\/?page_id=46"},"modified":"2024-10-12T19:57:55","modified_gmt":"2024-10-12T19:57:55","slug":"revize","status":"publish","type":"page","link":"https:\/\/www.pelit.cz\/?page_id=46","title":{"rendered":"Revize"},"content":{"rendered":"\n<p>Revize jsou kl\u00ed\u010dov\u00e9 pro zaji\u0161t\u011bn\u00ed, \u017ee revidovan\u00e9 za\u0159\u00edzen\u00ed je bezpe\u010dn\u00e9 k provozu a spl\u0148uje ve\u0161ker\u00e9 po\u017eadavky dan\u00e9 legislativou. Zejm\u00e9na pro podnikatele a firmy vypl\u00fdv\u00e1 povinnost prov\u00e1d\u011bt pravideln\u00e9 revize z ustanoven\u00ed z\u00e1kona \u010d. 65\/1965 Sb., Z\u00e1kon\u00edku pr\u00e1ce, kter\u00fd se zam\u011b\u0159uje na bezpe\u010dnost a ochranu zdrav\u00ed p\u0159i pr\u00e1ci. Nedodr\u017eov\u00e1n\u00ed t\u00e9to povinnosti m\u016f\u017ee v\u00e9st k pokut\u00e1m a\u017e do v\u00fd\u0161e 2 000 000 K\u010d dle z\u00e1kona \u010d. 251\/2005 Sb., o inspekci pr\u00e1ce. Revize jsou rovn\u011b\u017e nutn\u00e9 p\u0159i kolaudac\u00edch, certifikac\u00edch ISO nebo p\u0159i \u0159e\u0161en\u00ed \u0161kodn\u00fdch ud\u00e1lost\u00ed s poji\u0161\u0165ovnami.<\/p>\n\n\n\n<p>Na\u0161e spole\u010dnost nab\u00edz\u00ed komplexn\u00ed revizn\u00ed slu\u017eby, v\u010detn\u011b reviz\u00ed elektro v s\u00edt\u00edch do 1 000V, reviz\u00ed hromosvod\u016f, plynov\u00fdch za\u0159\u00edzen\u00ed a elektrospot\u0159ebi\u010d\u016f. Na\u0161i odborn\u00edci zajist\u00ed, \u017ee va\u0161e za\u0159\u00edzen\u00ed bude bezpe\u010dn\u00e9 a v souladu s platn\u00fdmi p\u0159edpisy.<\/p>\n\n\n\n<p class=\"has-text-align-center\">V\u00edce o reviz\u00edch elektrospot\u0159ebi\u010d\u016f naleznete <a href=\"https:\/\/www.pelit.cz\/?page_id=48\">zde<\/a>.<\/p>\n\n\n\n<div class=\"wp-block-group\"><div class=\"wp-block-group__inner-container is-layout-constrained wp-block-group-is-layout-constrained\">\n<div style=\"height:100px\" aria-hidden=\"true\" class=\"wp-block-spacer\"><\/div>\n\n\n\n<div id=\"wp-block-themeisle-blocks-button-group-6cc2103e\" class=\"wp-block-themeisle-blocks-button-group wp-block-buttons align-center-desktop\">\n<div id=\"wp-block-themeisle-blocks-button-0e43b3f7\" class=\"wp-block-themeisle-blocks-button wp-block-button\"><a href=\"https:\/\/www.pelit.cz\/?page_id=40\" target=\"_self\" rel=\"noopener noreferrer\" class=\"wp-block-button__link\"><span>&lt;- Elektroinstalace<\/span><\/a><\/div>\n\n\n\n<div id=\"wp-block-themeisle-blocks-button-b13274a0\" class=\"wp-block-themeisle-blocks-button wp-block-button\"><a href=\"https:\/\/www.pelit.cz\/?page_id=14\" target=\"_self\" rel=\"noopener noreferrer\" class=\"wp-block-button__link\"><span>Spr\u00e1va IT -><\/span><\/a><\/div>\n<\/div>\n\n\n\n<div style=\"height:100px\" aria-hidden=\"true\" class=\"wp-block-spacer\"><\/div>\n<\/div><\/div>\n","protected":false},"excerpt":{"rendered":"<p>Revize jsou kl\u00ed\u010dov\u00e9 pro zaji\u0161t\u011bn\u00ed, \u017ee revidovan\u00e9 za\u0159\u00edzen\u00ed je bezpe\u010dn\u00e9 k provozu a spl\u0148uje ve\u0161ker\u00e9 po\u017eadavky dan\u00e9 legislativou. Zejm\u00e9na pro podnikatele a firmy vypl\u00fdv\u00e1 povinnost prov\u00e1d\u011bt pravideln\u00e9 revize z ustanoven\u00ed z\u00e1kona \u010d. 65\/1965 Sb., Z\u00e1kon\u00edku pr\u00e1ce, kter\u00fd se zam\u011b\u0159uje na bezpe\u010dnost a ochranu zdrav\u00ed p\u0159i pr\u00e1ci. Nedodr\u017eov\u00e1n\u00ed t\u00e9to povinnosti m\u016f\u017ee [&hellip;]<\/p>\n","protected":false},"author":1,"featured_media":0,"parent":0,"menu_order":0,"comment_status":"closed","ping_status":"closed","template":"","meta":{"_themeisle_gutenberg_block_has_review":false,"footnotes":""},"class_list":["post-46","page","type-page","status-publish","hentry"],"_links":{"self":[{"href":"https:\/\/www.pelit.cz\/index.php?rest_route=\/wp\/v2\/pages\/46","targetHints":{"allow":["GET"]}}],"collection":[{"href":"https:\/\/www.pelit.cz\/index.php?rest_route=\/wp\/v2\/pages"}],"about":[{"href":"https:\/\/www.pelit.cz\/index.php?rest_route=\/wp\/v2\/types\/page"}],"author":[{"embeddable":true,"href":"https:\/\/www.pelit.cz\/index.php?rest_route=\/wp\/v2\/users\/1"}],"replies":[{"embeddable":true,"href":"https:\/\/www.pelit.cz\/index.php?rest_route=%2Fwp%2Fv2%2Fcomments&post=46"}],"version-history":[{"count":4,"href":"https:\/\/www.pelit.cz\/index.php?rest_route=\/wp\/v2\/pages\/46\/revisions"}],"predecessor-version":[{"id":293,"href":"https:\/\/www.pelit.cz\/index.php?rest_route=\/wp\/v2\/pages\/46\/revisions\/293"}],"wp:attachment":[{"href":"https:\/\/www.pelit.cz\/index.php?rest_route=%2Fwp%2Fv2%2Fmedia&parent=46"}],"curies":[{"name":"wp","href":"https:\/\/api.w.org\/{rel}","templated":true}]}}