{"id":53,"date":"2024-09-06T09:22:56","date_gmt":"2024-09-06T09:22:56","guid":{"rendered":"https:\/\/www.pelit.cz\/?page_id=53"},"modified":"2024-10-12T19:56:49","modified_gmt":"2024-10-12T19:56:49","slug":"sprava-site-a-internetove-konektivity","status":"publish","type":"page","link":"https:\/\/www.pelit.cz\/?page_id=53","title":{"rendered":"Spr\u00e1va s\u00edt\u011b"},"content":{"rendered":"\n<p>Nab\u00edz\u00edme kompletn\u00ed slu\u017eby spr\u00e1vy s\u00edt\u011b, v\u010detn\u011b n\u00e1vrhu, implementace a \u00fadr\u017eby va\u0161ich s\u00ed\u0165ov\u00fdch infrastruktur. Postar\u00e1me se o konfiguraci s\u00ed\u0165ov\u00fdch za\u0159\u00edzen\u00ed, monitorov\u00e1n\u00ed v\u00fdkonu a optimalizaci s\u00ed\u0165ov\u00e9ho provozu, aby va\u0161e s\u00ed\u0165 fungovala bez probl\u00e9m\u016f a byla bezpe\u010dn\u00e1.<\/p>\n\n\n\n<p>Na\u0161i technici zajist\u00ed zabezpe\u010den\u00ed proti kybernetick\u00fdm hrozb\u00e1m, pravideln\u011b aktualizuj\u00ed software a poskytuj\u00ed podporu p\u0159i roz\u0161\u00ed\u0159en\u00ed \u010di zm\u011bn\u00e1ch v s\u00ed\u0165ov\u00e9 infrastruktu\u0159e. S na\u0161\u00ed 24\/7 podporou m\u00e1te jistotu, \u017ee va\u0161e s\u00ed\u0165 je v\u017edy v optim\u00e1ln\u00edm stavu a p\u0159ipraven\u00e1 na budouc\u00ed v\u00fdzvy.<\/p>\n\n\n\n<div class=\"wp-block-group\"><div class=\"wp-block-group__inner-container is-layout-constrained wp-block-group-is-layout-constrained\">\n<div style=\"height:100px\" aria-hidden=\"true\" class=\"wp-block-spacer\"><\/div>\n\n\n\n<div id=\"wp-block-themeisle-blocks-button-group-6cc2103e\" class=\"wp-block-themeisle-blocks-button-group wp-block-buttons align-center-desktop\">\n<div id=\"wp-block-themeisle-blocks-button-0e43b3f7\" class=\"wp-block-themeisle-blocks-button wp-block-button\"><a href=\"https:\/\/www.pelit.cz\/?page_id=14\" target=\"_self\" rel=\"noopener noreferrer\" class=\"wp-block-button__link\"><span>&lt;- Spr\u00e1va IT<\/span><\/a><\/div>\n\n\n\n<div id=\"wp-block-themeisle-blocks-button-b13274a0\" class=\"wp-block-themeisle-blocks-button wp-block-button\"><a href=\"https:\/\/www.pelit.cz\/?page_id=55\" target=\"_self\" rel=\"noopener noreferrer\" class=\"wp-block-button__link\"><span>Spr\u00e1va server\u016f -&gt;<\/span><\/a><\/div>\n<\/div>\n\n\n\n<div style=\"height:100px\" aria-hidden=\"true\" class=\"wp-block-spacer\"><\/div>\n<\/div><\/div>\n","protected":false},"excerpt":{"rendered":"<p>Nab\u00edz\u00edme kompletn\u00ed slu\u017eby spr\u00e1vy s\u00edt\u011b, v\u010detn\u011b n\u00e1vrhu, implementace a \u00fadr\u017eby va\u0161ich s\u00ed\u0165ov\u00fdch infrastruktur. Postar\u00e1me se o konfiguraci s\u00ed\u0165ov\u00fdch za\u0159\u00edzen\u00ed, monitorov\u00e1n\u00ed v\u00fdkonu a optimalizaci s\u00ed\u0165ov\u00e9ho provozu, aby va\u0161e s\u00ed\u0165 fungovala bez probl\u00e9m\u016f a byla bezpe\u010dn\u00e1. Na\u0161i technici zajist\u00ed zabezpe\u010den\u00ed proti kybernetick\u00fdm hrozb\u00e1m, pravideln\u011b aktualizuj\u00ed software a poskytuj\u00ed podporu p\u0159i roz\u0161\u00ed\u0159en\u00ed \u010di [&hellip;]<\/p>\n","protected":false},"author":1,"featured_media":206,"parent":0,"menu_order":0,"comment_status":"closed","ping_status":"closed","template":"","meta":{"_themeisle_gutenberg_block_has_review":false,"footnotes":""},"class_list":["post-53","page","type-page","status-publish","has-post-thumbnail","hentry"],"_links":{"self":[{"href":"https:\/\/www.pelit.cz\/index.php?rest_route=\/wp\/v2\/pages\/53","targetHints":{"allow":["GET"]}}],"collection":[{"href":"https:\/\/www.pelit.cz\/index.php?rest_route=\/wp\/v2\/pages"}],"about":[{"href":"https:\/\/www.pelit.cz\/index.php?rest_route=\/wp\/v2\/types\/page"}],"author":[{"embeddable":true,"href":"https:\/\/www.pelit.cz\/index.php?rest_route=\/wp\/v2\/users\/1"}],"replies":[{"embeddable":true,"href":"https:\/\/www.pelit.cz\/index.php?rest_route=%2Fwp%2Fv2%2Fcomments&post=53"}],"version-history":[{"count":6,"href":"https:\/\/www.pelit.cz\/index.php?rest_route=\/wp\/v2\/pages\/53\/revisions"}],"predecessor-version":[{"id":291,"href":"https:\/\/www.pelit.cz\/index.php?rest_route=\/wp\/v2\/pages\/53\/revisions\/291"}],"wp:featuredmedia":[{"embeddable":true,"href":"https:\/\/www.pelit.cz\/index.php?rest_route=\/wp\/v2\/media\/206"}],"wp:attachment":[{"href":"https:\/\/www.pelit.cz\/index.php?rest_route=%2Fwp%2Fv2%2Fmedia&parent=53"}],"curies":[{"name":"wp","href":"https:\/\/api.w.org\/{rel}","templated":true}]}}